{"id":1723,"date":"2025-08-19T15:43:33","date_gmt":"2025-08-19T15:43:33","guid":{"rendered":"https:\/\/directprovider.com.br\/?page_id=1723"},"modified":"2026-02-20T14:22:29","modified_gmt":"2026-02-20T14:22:29","slug":"elementor-1723","status":"publish","type":"page","link":"https:\/\/directprovider.com.br\/index.php\/elementor-1723\/","title":{"rendered":"Elementor #1723"},"content":{"rendered":"\t\t<div data-elementor-type=\"wp-page\" data-elementor-id=\"1723\" class=\"elementor elementor-1723\" data-elementor-post-type=\"page\">\n\t\t\t\t<div class=\"elementor-element elementor-element-bd2503f e-flex e-con-boxed e-con e-parent\" data-id=\"bd2503f\" data-element_type=\"container\" data-e-type=\"container\" data-settings=\"{&quot;animation&quot;:&quot;none&quot;}\">\n\t\t\t\t\t<div class=\"e-con-inner\">\n\t\t<div class=\"elementor-element elementor-element-1268b57 e-con-full e-flex e-con e-child\" data-id=\"1268b57\" data-element_type=\"container\" data-e-type=\"container\">\n\t\t\t\t<div class=\"elementor-element elementor-element-bdaeee2 elementor-widget elementor-widget-image\" data-id=\"bdaeee2\" data-element_type=\"widget\" data-e-type=\"widget\" data-widget_type=\"image.default\">\n\t\t\t\t<div class=\"elementor-widget-container\">\n\t\t\t\t\t\t\t\t\t\t\t\t\t\t\t\t<a href=\"https:\/\/directprovider.com.br\/\">\n\t\t\t\t\t\t\t<img fetchpriority=\"high\" decoding=\"async\" width=\"895\" height=\"99\" src=\"https:\/\/directprovider.com.br\/wp-content\/uploads\/2024\/09\/Logo-DIRECTPROVIDER-vetorizado-1.svg\" class=\"attachment-full size-full wp-image-901\" alt=\"\" \/>\t\t\t\t\t\t\t\t<\/a>\n\t\t\t\t\t\t\t\t\t\t\t\t\t\t\t<\/div>\n\t\t\t\t<\/div>\n\t\t\t\t<\/div>\n\t\t<div class=\"elementor-element elementor-element-2d0ecf0 e-con-full e-flex e-con e-child\" data-id=\"2d0ecf0\" data-element_type=\"container\" data-e-type=\"container\">\n\t\t\t\t<div class=\"elementor-element elementor-element-f61822c elementor-widget__width-inherit elementor-nav-menu__align-center elementor-nav-menu--dropdown-tablet elementor-nav-menu__text-align-aside elementor-nav-menu--toggle elementor-nav-menu--burger elementor-widget elementor-widget-nav-menu\" data-id=\"f61822c\" data-element_type=\"widget\" data-e-type=\"widget\" data-settings=\"{&quot;submenu_icon&quot;:{&quot;value&quot;:&quot;&lt;i aria-hidden=\\&quot;true\\&quot; class=\\&quot;\\&quot;&gt;&lt;\\\/i&gt;&quot;,&quot;library&quot;:&quot;&quot;},&quot;layout&quot;:&quot;horizontal&quot;,&quot;toggle&quot;:&quot;burger&quot;}\" data-widget_type=\"nav-menu.default\">\n\t\t\t\t<div class=\"elementor-widget-container\">\n\t\t\t\t\t\t\t\t<nav aria-label=\"Menu\" class=\"elementor-nav-menu--main elementor-nav-menu__container elementor-nav-menu--layout-horizontal e--pointer-none\">\n\t\t\t\t<ul id=\"menu-1-f61822c\" class=\"elementor-nav-menu\"><li class=\"menu-item menu-item-type-post_type menu-item-object-page menu-item-678\"><a href=\"https:\/\/directprovider.com.br\/index.php\/quem-somos\/\" class=\"elementor-item\">Quem somos<\/a><\/li>\n<li class=\"menu-item menu-item-type-custom menu-item-object-custom menu-item-has-children menu-item-986\"><a href=\"#\" class=\"elementor-item elementor-item-anchor\">Servi\u00e7os<\/a>\n<ul class=\"sub-menu elementor-nav-menu--dropdown\">\n\t<li class=\"menu-item menu-item-type-post_type menu-item-object-page menu-item-1721\"><a href=\"https:\/\/directprovider.com.br\/index.php\/elementor-1714\/\" class=\"elementor-sub-item\">Suporte<\/a><\/li>\n\t<li class=\"menu-item menu-item-type-post_type menu-item-object-page menu-item-698\"><a href=\"https:\/\/directprovider.com.br\/index.php\/webcoference\/\" class=\"elementor-sub-item\">Webcoference<\/a><\/li>\n<\/ul>\n<\/li>\n<li class=\"menu-item menu-item-type-post_type menu-item-object-page menu-item-1118\"><a href=\"https:\/\/directprovider.com.br\/index.php\/casesclients\/\" class=\"elementor-item\">Cases&#038;Clients<\/a><\/li>\n<li class=\"menu-item menu-item-type-post_type menu-item-object-page menu-item-1801\"><a href=\"https:\/\/directprovider.com.br\/index.php\/contato\/\" class=\"elementor-item\">Contato<\/a><\/li>\n<li class=\"menu-item menu-item-type-custom menu-item-object-custom menu-item-has-children menu-item-1933\"><a class=\"elementor-item\">Not\u00edcias<\/a>\n<ul class=\"sub-menu elementor-nav-menu--dropdown\">\n\t<li class=\"menu-item menu-item-type-post_type menu-item-object-page menu-item-1959\"><a href=\"https:\/\/directprovider.com.br\/index.php\/elementor-1953\/\" class=\"elementor-sub-item\">Intelligent Robotics<\/a><\/li>\n<\/ul>\n<\/li>\n<\/ul>\t\t\t<\/nav>\n\t\t\t\t\t<div class=\"elementor-menu-toggle\" role=\"button\" tabindex=\"0\" aria-label=\"Menu Toggle\" aria-expanded=\"false\">\n\t\t\t<svg aria-hidden=\"true\" role=\"presentation\" class=\"elementor-menu-toggle__icon--open e-font-icon-svg e-eicon-menu-bar\" viewBox=\"0 0 1000 1000\" xmlns=\"http:\/\/www.w3.org\/2000\/svg\"><path d=\"M104 333H896C929 333 958 304 958 271S929 208 896 208H104C71 208 42 237 42 271S71 333 104 333ZM104 583H896C929 583 958 554 958 521S929 458 896 458H104C71 458 42 487 42 521S71 583 104 583ZM104 833H896C929 833 958 804 958 771S929 708 896 708H104C71 708 42 737 42 771S71 833 104 833Z\"><\/path><\/svg><svg aria-hidden=\"true\" role=\"presentation\" class=\"elementor-menu-toggle__icon--close e-font-icon-svg e-eicon-close\" viewBox=\"0 0 1000 1000\" xmlns=\"http:\/\/www.w3.org\/2000\/svg\"><path d=\"M742 167L500 408 258 167C246 154 233 150 217 150 196 150 179 158 167 167 154 179 150 196 150 212 150 229 154 242 171 254L408 500 167 742C138 771 138 800 167 829 196 858 225 858 254 829L496 587 738 829C750 842 767 846 783 846 800 846 817 842 829 829 842 817 846 804 846 783 846 767 842 750 829 737L588 500 833 258C863 229 863 200 833 171 804 137 775 137 742 167Z\"><\/path><\/svg>\t\t<\/div>\n\t\t\t\t\t<nav class=\"elementor-nav-menu--dropdown elementor-nav-menu__container\" aria-hidden=\"true\">\n\t\t\t\t<ul id=\"menu-2-f61822c\" class=\"elementor-nav-menu\"><li class=\"menu-item menu-item-type-post_type menu-item-object-page menu-item-678\"><a href=\"https:\/\/directprovider.com.br\/index.php\/quem-somos\/\" class=\"elementor-item\" tabindex=\"-1\">Quem somos<\/a><\/li>\n<li class=\"menu-item menu-item-type-custom menu-item-object-custom menu-item-has-children menu-item-986\"><a href=\"#\" class=\"elementor-item elementor-item-anchor\" tabindex=\"-1\">Servi\u00e7os<\/a>\n<ul class=\"sub-menu elementor-nav-menu--dropdown\">\n\t<li class=\"menu-item menu-item-type-post_type menu-item-object-page menu-item-1721\"><a href=\"https:\/\/directprovider.com.br\/index.php\/elementor-1714\/\" class=\"elementor-sub-item\" tabindex=\"-1\">Suporte<\/a><\/li>\n\t<li class=\"menu-item menu-item-type-post_type menu-item-object-page menu-item-698\"><a href=\"https:\/\/directprovider.com.br\/index.php\/webcoference\/\" class=\"elementor-sub-item\" tabindex=\"-1\">Webcoference<\/a><\/li>\n<\/ul>\n<\/li>\n<li class=\"menu-item menu-item-type-post_type menu-item-object-page menu-item-1118\"><a href=\"https:\/\/directprovider.com.br\/index.php\/casesclients\/\" class=\"elementor-item\" tabindex=\"-1\">Cases&#038;Clients<\/a><\/li>\n<li class=\"menu-item menu-item-type-post_type menu-item-object-page menu-item-1801\"><a href=\"https:\/\/directprovider.com.br\/index.php\/contato\/\" class=\"elementor-item\" tabindex=\"-1\">Contato<\/a><\/li>\n<li class=\"menu-item menu-item-type-custom menu-item-object-custom menu-item-has-children menu-item-1933\"><a class=\"elementor-item\" tabindex=\"-1\">Not\u00edcias<\/a>\n<ul class=\"sub-menu elementor-nav-menu--dropdown\">\n\t<li class=\"menu-item menu-item-type-post_type menu-item-object-page menu-item-1959\"><a href=\"https:\/\/directprovider.com.br\/index.php\/elementor-1953\/\" class=\"elementor-sub-item\" tabindex=\"-1\">Intelligent Robotics<\/a><\/li>\n<\/ul>\n<\/li>\n<\/ul>\t\t\t<\/nav>\n\t\t\t\t\t\t<\/div>\n\t\t\t\t<\/div>\n\t\t\t\t<\/div>\n\t\t\t\t\t<\/div>\n\t\t\t\t<\/div>\n\t\t<div class=\"elementor-element elementor-element-145243c e-flex e-con-boxed e-con e-parent\" data-id=\"145243c\" data-element_type=\"container\" data-e-type=\"container\" data-settings=\"{&quot;background_background&quot;:&quot;slideshow&quot;,&quot;background_slideshow_gallery&quot;:[{&quot;id&quot;:1739,&quot;url&quot;:&quot;https:\\\/\\\/directprovider.com.br\\\/wp-content\\\/uploads\\\/2025\\\/08\\\/Slide1-2.jpg&quot;}],&quot;background_slideshow_loop&quot;:&quot;yes&quot;,&quot;background_slideshow_slide_duration&quot;:5000,&quot;background_slideshow_slide_transition&quot;:&quot;fade&quot;,&quot;background_slideshow_transition_duration&quot;:500}\">\n\t\t\t\t\t<div class=\"e-con-inner\">\n\t\t\t\t<div class=\"elementor-element elementor-element-52273b9 elementor-widget elementor-widget-heading\" data-id=\"52273b9\" data-element_type=\"widget\" data-e-type=\"widget\" data-widget_type=\"heading.default\">\n\t\t\t\t<div class=\"elementor-widget-container\">\n\t\t\t\t\t<h2 class=\"elementor-heading-title elementor-size-default\">Projeto Sidaspre<br>Ecossistema de Telessa\u00fade<\/h2>\t\t\t\t<\/div>\n\t\t\t\t<\/div>\n\t\t\t\t\t<\/div>\n\t\t\t\t<\/div>\n\t\t<div class=\"elementor-element elementor-element-0a8d31f e-flex e-con-boxed e-con e-parent\" data-id=\"0a8d31f\" data-element_type=\"container\" data-e-type=\"container\" data-settings=\"{&quot;background_background&quot;:&quot;slideshow&quot;,&quot;background_slideshow_gallery&quot;:[{&quot;id&quot;:1731,&quot;url&quot;:&quot;https:\\\/\\\/directprovider.com.br\\\/wp-content\\\/uploads\\\/2025\\\/08\\\/Slide1.jpg&quot;}],&quot;background_slideshow_loop&quot;:&quot;yes&quot;,&quot;background_slideshow_slide_duration&quot;:5000,&quot;background_slideshow_slide_transition&quot;:&quot;fade&quot;,&quot;background_slideshow_transition_duration&quot;:500}\">\n\t\t\t\t\t<div class=\"e-con-inner\">\n\t\t\t\t\t<\/div>\n\t\t\t\t<\/div>\n\t\t<div class=\"elementor-element elementor-element-eb45a79 e-flex e-con-boxed e-con e-parent\" data-id=\"eb45a79\" data-element_type=\"container\" data-e-type=\"container\" data-settings=\"{&quot;background_background&quot;:&quot;slideshow&quot;,&quot;background_slideshow_gallery&quot;:[{&quot;id&quot;:1732,&quot;url&quot;:&quot;https:\\\/\\\/directprovider.com.br\\\/wp-content\\\/uploads\\\/2025\\\/08\\\/Captura-de-tela-2025-08-19-123201.png&quot;}],&quot;background_slideshow_loop&quot;:&quot;yes&quot;,&quot;background_slideshow_slide_duration&quot;:5000,&quot;background_slideshow_slide_transition&quot;:&quot;fade&quot;,&quot;background_slideshow_transition_duration&quot;:500}\">\n\t\t\t\t\t<div class=\"e-con-inner\">\n\t\t\t\t<div class=\"elementor-element elementor-element-e1eee78 elementor-widget__width-initial elementor-widget elementor-widget-text-editor\" data-id=\"e1eee78\" data-element_type=\"widget\" data-e-type=\"widget\" data-widget_type=\"text-editor.default\">\n\t\t\t\t<div class=\"elementor-widget-container\">\n\t\t\t\t\t\t\t\t\t<p>A Esta\u00e7\u00e3o AMA-Ambulat\u00f3rio M\u00e9dico de Acolhimento da CloudS\u00e1ude integrada de forma nativa com v\u00e1rios dispositivos m\u00e9dicos, contando com os benef\u00edcios da plataforma de Telemedicina e suas funcionalidades, conectando m\u00e9dicos, especialistas e pacientes para atendimento de rotina ou urg\u00eancia, atendendo padr\u00f5es hospitalares<\/p>\t\t\t\t\t\t\t\t<\/div>\n\t\t\t\t<\/div>\n\t\t\t\t\t<\/div>\n\t\t\t\t<\/div>\n\t\t<div class=\"elementor-element elementor-element-340117a e-flex e-con-boxed e-con e-parent\" data-id=\"340117a\" data-element_type=\"container\" data-e-type=\"container\">\n\t\t\t\t\t<div class=\"e-con-inner\">\n\t\t\t\t<div class=\"elementor-element elementor-element-0382428 elementor-widget elementor-widget-image\" data-id=\"0382428\" data-element_type=\"widget\" data-e-type=\"widget\" data-widget_type=\"image.default\">\n\t\t\t\t<div class=\"elementor-widget-container\">\n\t\t\t\t\t\t\t\t\t\t\t\t\t\t\t<img decoding=\"async\" width=\"1024\" height=\"576\" src=\"https:\/\/directprovider.com.br\/wp-content\/uploads\/2025\/08\/Slide1-3-1024x576.jpg\" class=\"attachment-large size-large wp-image-1743\" alt=\"\" srcset=\"https:\/\/directprovider.com.br\/wp-content\/uploads\/2025\/08\/Slide1-3-1024x576.jpg 1024w, https:\/\/directprovider.com.br\/wp-content\/uploads\/2025\/08\/Slide1-3-300x169.jpg 300w, https:\/\/directprovider.com.br\/wp-content\/uploads\/2025\/08\/Slide1-3-768x432.jpg 768w, https:\/\/directprovider.com.br\/wp-content\/uploads\/2025\/08\/Slide1-3.jpg 1280w\" sizes=\"(max-width: 1024px) 100vw, 1024px\" \/>\t\t\t\t\t\t\t\t\t\t\t\t\t\t\t<\/div>\n\t\t\t\t<\/div>\n\t\t\t\t\t<\/div>\n\t\t\t\t<\/div>\n\t\t<div class=\"elementor-element elementor-element-3dbe86a e-flex e-con-boxed e-con e-parent\" data-id=\"3dbe86a\" data-element_type=\"container\" data-e-type=\"container\">\n\t\t\t\t\t<div class=\"e-con-inner\">\n\t\t\t\t<div class=\"elementor-element elementor-element-9628931 elementor-widget elementor-widget-image\" data-id=\"9628931\" data-element_type=\"widget\" data-e-type=\"widget\" data-widget_type=\"image.default\">\n\t\t\t\t<div class=\"elementor-widget-container\">\n\t\t\t\t\t\t\t\t\t\t\t\t\t\t\t<img decoding=\"async\" width=\"1280\" height=\"720\" src=\"https:\/\/directprovider.com.br\/wp-content\/uploads\/2025\/08\/Slide1-6.jpg\" class=\"attachment-1536x1536 size-1536x1536 wp-image-1768\" alt=\"\" srcset=\"https:\/\/directprovider.com.br\/wp-content\/uploads\/2025\/08\/Slide1-6.jpg 1280w, https:\/\/directprovider.com.br\/wp-content\/uploads\/2025\/08\/Slide1-6-300x169.jpg 300w, https:\/\/directprovider.com.br\/wp-content\/uploads\/2025\/08\/Slide1-6-1024x576.jpg 1024w, https:\/\/directprovider.com.br\/wp-content\/uploads\/2025\/08\/Slide1-6-768x432.jpg 768w\" sizes=\"(max-width: 1280px) 100vw, 1280px\" \/>\t\t\t\t\t\t\t\t\t\t\t\t\t\t\t<\/div>\n\t\t\t\t<\/div>\n\t\t\t\t\t<\/div>\n\t\t\t\t<\/div>\n\t\t<div class=\"elementor-element elementor-element-dc2ce0f e-flex e-con-boxed e-con e-parent\" data-id=\"dc2ce0f\" data-element_type=\"container\" data-e-type=\"container\">\n\t\t\t\t\t<div class=\"e-con-inner\">\n\t\t\t\t<div class=\"elementor-element elementor-element-d0f8a37 elementor-widget elementor-widget-image\" data-id=\"d0f8a37\" data-element_type=\"widget\" data-e-type=\"widget\" data-widget_type=\"image.default\">\n\t\t\t\t<div class=\"elementor-widget-container\">\n\t\t\t\t\t\t\t\t\t\t\t\t\t\t\t<img loading=\"lazy\" decoding=\"async\" width=\"1024\" height=\"576\" src=\"https:\/\/directprovider.com.br\/wp-content\/uploads\/2025\/08\/Slide1-5-1024x576.jpg\" class=\"attachment-large size-large wp-image-1751\" alt=\"\" srcset=\"https:\/\/directprovider.com.br\/wp-content\/uploads\/2025\/08\/Slide1-5-1024x576.jpg 1024w, https:\/\/directprovider.com.br\/wp-content\/uploads\/2025\/08\/Slide1-5-300x169.jpg 300w, https:\/\/directprovider.com.br\/wp-content\/uploads\/2025\/08\/Slide1-5-768x432.jpg 768w, https:\/\/directprovider.com.br\/wp-content\/uploads\/2025\/08\/Slide1-5.jpg 1280w\" sizes=\"(max-width: 1024px) 100vw, 1024px\" \/>\t\t\t\t\t\t\t\t\t\t\t\t\t\t\t<\/div>\n\t\t\t\t<\/div>\n\t\t\t\t<div class=\"elementor-element elementor-element-e93e5d6 elementor-widget elementor-widget-text-editor\" data-id=\"e93e5d6\" data-element_type=\"widget\" data-e-type=\"widget\" data-widget_type=\"text-editor.default\">\n\t\t\t\t<div class=\"elementor-widget-container\">\n\t\t\t\t\t\t\t\t\t<p>Para o item E, dispositivos para exames Point-of-Care Testing (PoCT) Hilab Flow e Volt, dever\u00e3o ser contemplados os custos dos insumos necess\u00e1rios para cada tipo de exame. Nas referidas tabelas, consideramos valores unit\u00e1rios, sem proje\u00e7\u00f5es de consumo. Os insumos dever\u00e3o ser adquiridos pelo cliente contratante diretamente do fornecedor.<\/p>\t\t\t\t\t\t\t\t<\/div>\n\t\t\t\t<\/div>\n\t\t\t\t\t<\/div>\n\t\t\t\t<\/div>\n\t\t<div class=\"elementor-element elementor-element-b7dc571 e-flex e-con-boxed e-con e-parent\" data-id=\"b7dc571\" data-element_type=\"container\" data-e-type=\"container\" data-settings=\"{&quot;background_background&quot;:&quot;classic&quot;}\">\n\t\t\t\t\t<div class=\"e-con-inner\">\n\t\t<div class=\"elementor-element elementor-element-aef81ed e-con-full e-flex e-con e-child\" data-id=\"aef81ed\" data-element_type=\"container\" data-e-type=\"container\">\n\t\t<div class=\"elementor-element elementor-element-d1f7719 e-con-full e-flex e-con e-child\" data-id=\"d1f7719\" data-element_type=\"container\" data-e-type=\"container\">\n\t\t<div class=\"elementor-element elementor-element-3c1dda8 e-con-full e-flex e-con e-child\" data-id=\"3c1dda8\" data-element_type=\"container\" data-e-type=\"container\">\n\t\t\t\t<div class=\"elementor-element elementor-element-44a4a35 elementor-widget__width-initial elementor-widget elementor-widget-text-editor\" data-id=\"44a4a35\" data-element_type=\"widget\" data-e-type=\"widget\" data-widget_type=\"text-editor.default\">\n\t\t\t\t<div class=\"elementor-widget-container\">\n\t\t\t\t\t\t\t\t\t<p>Rua Samuel Morse, 74 &#8211; Conjuntos 43\/44 &#8211; 4\u00ba andar Brooklin &#8211; S\u00e3o Paulo &#8211; SP | CEP 04576-060<\/p><p>Ouvidoria:<\/p><p>Nacional: 5506-4477<\/p><p>Internacional: 0800 773 3368<\/p><p>Email:\u00a0contato@eduead.com.br<\/p>\t\t\t\t\t\t\t\t<\/div>\n\t\t\t\t<\/div>\n\t\t\t\t<\/div>\n\t\t\t\t<div class=\"elementor-element elementor-element-c59f437 elementor-widget elementor-widget-heading\" data-id=\"c59f437\" data-element_type=\"widget\" data-e-type=\"widget\" data-widget_type=\"heading.default\">\n\t\t\t\t<div class=\"elementor-widget-container\">\n\t\t\t\t\t<span class=\"elementor-heading-title elementor-size-default\">\u00a9 2002\/2026 by Directprovider<\/span>\t\t\t\t<\/div>\n\t\t\t\t<\/div>\n\t\t\t\t<\/div>\n\t\t\t\t<\/div>\n\t\t\t\t\t<\/div>\n\t\t\t\t<\/div>\n\t\t\t\t<\/div>\n\t\t","protected":false},"excerpt":{"rendered":"<p>Projeto SidaspreEcossistema de Telessa\u00fade A Esta\u00e7\u00e3o AMA-Ambulat\u00f3rio M\u00e9dico de Acolhimento da CloudS\u00e1ude integrada de forma nativa com v\u00e1rios dispositivos m\u00e9dicos, contando com os benef\u00edcios da plataforma de Telemedicina e suas funcionalidades, conectando m\u00e9dicos, especialistas e pacientes para atendimento de rotina ou urg\u00eancia, atendendo padr\u00f5es hospitalares Para o item E, dispositivos para exames Point-of-Care Testing (PoCT)&#8230;<\/p>\n","protected":false},"author":1,"featured_media":0,"parent":0,"menu_order":0,"comment_status":"closed","ping_status":"closed","template":"","meta":{"inline_featured_image":false,"_kad_post_transparent":"","_kad_post_title":"hide","_kad_post_layout":"fullwidth","_kad_post_sidebar_id":"","_kad_post_content_style":"unboxed","_kad_post_vertical_padding":"hide","_kad_post_feature":"hide","_kad_post_feature_position":"","_kad_post_header":false,"_kad_post_footer":false,"_kad_post_classname":"","footnotes":""},"class_list":["post-1723","page","type-page","status-publish","hentry"],"_links":{"self":[{"href":"https:\/\/directprovider.com.br\/index.php\/wp-json\/wp\/v2\/pages\/1723","targetHints":{"allow":["GET"]}}],"collection":[{"href":"https:\/\/directprovider.com.br\/index.php\/wp-json\/wp\/v2\/pages"}],"about":[{"href":"https:\/\/directprovider.com.br\/index.php\/wp-json\/wp\/v2\/types\/page"}],"author":[{"embeddable":true,"href":"https:\/\/directprovider.com.br\/index.php\/wp-json\/wp\/v2\/users\/1"}],"replies":[{"embeddable":true,"href":"https:\/\/directprovider.com.br\/index.php\/wp-json\/wp\/v2\/comments?post=1723"}],"version-history":[{"count":16,"href":"https:\/\/directprovider.com.br\/index.php\/wp-json\/wp\/v2\/pages\/1723\/revisions"}],"predecessor-version":[{"id":2003,"href":"https:\/\/directprovider.com.br\/index.php\/wp-json\/wp\/v2\/pages\/1723\/revisions\/2003"}],"wp:attachment":[{"href":"https:\/\/directprovider.com.br\/index.php\/wp-json\/wp\/v2\/media?parent=1723"}],"curies":[{"name":"wp","href":"https:\/\/api.w.org\/{rel}","templated":true}]}}